{"id":3581,"date":"2021-12-14T12:08:34","date_gmt":"2021-12-14T09:08:34","guid":{"rendered":"http:\/\/www.enarmakina.com\/tr\/?page_id=3581"},"modified":"2021-12-24T12:40:12","modified_gmt":"2021-12-24T09:40:12","slug":"neotecman","status":"publish","type":"page","link":"http:\/\/www.enarmakina.com\/tr\/urunler\/neotecman\/","title":{"rendered":"NEOTECMAN"},"content":{"rendered":"\n<h1><img loading=\"lazy\" decoding=\"async\" class=\"aligncenter wp-image-3517\" src=\"http:\/\/www.enarmakina.com\/tr\/wp-content\/uploads\/2019\/05\/NEOTECMAN-300x87.png\" alt=\"\" width=\"1000\" height=\"289\" srcset=\"http:\/\/www.enarmakina.com\/tr\/wp-content\/uploads\/2019\/05\/NEOTECMAN-300x87.png 300w, http:\/\/www.enarmakina.com\/tr\/wp-content\/uploads\/2019\/05\/NEOTECMAN-768x222.png 768w, http:\/\/www.enarmakina.com\/tr\/wp-content\/uploads\/2019\/05\/NEOTECMAN-1030x298.png 1030w, http:\/\/www.enarmakina.com\/tr\/wp-content\/uploads\/2019\/05\/NEOTECMAN-600x173.png 600w, http:\/\/www.enarmakina.com\/tr\/wp-content\/uploads\/2019\/05\/NEOTECMAN-280x81.png 280w, http:\/\/www.enarmakina.com\/tr\/wp-content\/uploads\/2019\/05\/NEOTECMAN.png 1920w\" sizes=\"(max-width: 1000px) 100vw, 1000px\" \/><\/h1>\n<h1>\u00a0<\/h1>\n<h1><span style=\"color: #ff0000;\">V1.32<\/span><\/h1>\n<p><img loading=\"lazy\" decoding=\"async\" class=\"alignnone  wp-image-4018\" src=\"http:\/\/www.enarmakina.com\/tr\/wp-content\/uploads\/2021\/12\/Maquina-V1.32-300x195.png\" alt=\"\" width=\"486\" height=\"316\" srcset=\"http:\/\/www.enarmakina.com\/tr\/wp-content\/uploads\/2021\/12\/Maquina-V1.32-300x195.png 300w, http:\/\/www.enarmakina.com\/tr\/wp-content\/uploads\/2021\/12\/Maquina-V1.32-1030x670.png 1030w, http:\/\/www.enarmakina.com\/tr\/wp-content\/uploads\/2021\/12\/Maquina-V1.32-768x499.png 768w, http:\/\/www.enarmakina.com\/tr\/wp-content\/uploads\/2021\/12\/Maquina-V1.32-1536x998.png 1536w, http:\/\/www.enarmakina.com\/tr\/wp-content\/uploads\/2021\/12\/Maquina-V1.32-2048x1331.png 2048w\" sizes=\"(max-width: 486px) 100vw, 486px\" \/><\/p>\n<table id=\"tablepress-2\" class=\"tablepress tablepress-id-2\" style=\"width: 49.8791%; height: 119px;\">\n<tbody class=\"row-hover\">\n<tr class=\"row-1 odd\" style=\"height: 24px;\">\n<td class=\"column-1\" style=\"width: 20.8333%; height: 24px;\">Ma\u00e7alar<\/td>\n<td class=\"column-2\" style=\"width: 22.6901%; height: 24px;\">\u00a01 dikey\u00a0<\/td>\n<\/tr>\n<tr class=\"row-2 even\" style=\"height: 24px;\">\n<td class=\"column-1\" style=\"width: 20.8333%; height: 24px;\">\u00dcretim<\/td>\n<td class=\"column-2\" style=\"width: 22.6901%; height: 24px;\">\u00a0500 &#8211; 5.600 par\u00e7a\/saat<\/td>\n<\/tr>\n<tr class=\"row-3 odd\" style=\"height: 24px;\">\n<td class=\"column-1\" style=\"width: 20.8333%; height: 24px;\">\u00c7ubuk \u00c7ap\u0131<\/td>\n<td class=\"column-2\" style=\"width: 22.6901%; height: 24px;\">\u00a012 &#8211; 32 mm\u00a0<\/td>\n<\/tr>\n<tr class=\"row-4 even\" style=\"height: 24px;\">\n<td class=\"column-1\" style=\"width: 20.8333%; height: 24px;\">\u00c7ubuk Uzunlu\u011fu<\/td>\n<td class=\"column-2\" style=\"width: 22.6901%; height: 24px;\">\u00a04.000 mm &#8216;ye kadar<\/td>\n<\/tr>\n<tr class=\"row-5 odd\" style=\"height: 10px;\">\n<td class=\"column-1\" style=\"width: 20.8333%; height: 10px;\">Kal\u0131p \u00d6l\u00e7\u00fcleri<\/td>\n<td class=\"column-2\" style=\"width: 22.6901%; height: 10px;\">\u00a0176 x 86 mm<\/td>\n<\/tr>\n<\/tbody>\n<\/table>\n<p>Katalog i\u00e7in t\u0131klay\u0131n\u0131z <span style=\"color: #ff0000;\"><strong><span style=\"color: #ff0000;\"><a style=\"color: #ff0000;\" href=\"http:\/\/www.enarmakina.com\/tr\/wp-content\/uploads\/2021\/12\/DOWNLOAD-TECHNICAL-FEATURES-V1.32-1.pdf\" target=\"_blank\" rel=\"noopener\">V1.32 e-Katalog<\/a><\/span><\/strong><\/span><\/p>\n<h1><span style=\"color: #ff0000;\">H3.32<\/span><\/h1>\n<p><img loading=\"lazy\" decoding=\"async\" class=\"alignnone  wp-image-4022\" src=\"http:\/\/www.enarmakina.com\/tr\/wp-content\/uploads\/2021\/12\/Maquina-H3.32-768x486-1-300x190.png\" alt=\"\" width=\"485\" height=\"307\" srcset=\"http:\/\/www.enarmakina.com\/tr\/wp-content\/uploads\/2021\/12\/Maquina-H3.32-768x486-1-300x190.png 300w, http:\/\/www.enarmakina.com\/tr\/wp-content\/uploads\/2021\/12\/Maquina-H3.32-768x486-1.png 768w\" sizes=\"(max-width: 485px) 100vw, 485px\" \/><\/p>\n<table id=\"tablepress-2\" class=\"tablepress tablepress-id-2\" style=\"width: 49.8791%; height: 119px;\">\n<tbody class=\"row-hover\">\n<tr class=\"row-1 odd\" style=\"height: 24px;\">\n<td class=\"column-1\" style=\"width: 20.8333%; height: 24px;\">Ma\u00e7alar<\/td>\n<td class=\"column-2\" style=\"width: 22.6901%; height: 24px;\">\u00a03 yatay\u00a0<\/td>\n<\/tr>\n<tr class=\"row-2 even\" style=\"height: 24px;\">\n<td class=\"column-1\" style=\"width: 20.8333%; height: 24px;\">\u00dcretim<\/td>\n<td class=\"column-2\" style=\"width: 22.6901%; height: 24px;\">\u00a0500 &#8211; 3.400 par\u00e7a\/saat<\/td>\n<\/tr>\n<tr class=\"row-3 odd\" style=\"height: 24px;\">\n<td class=\"column-1\" style=\"width: 20.8333%; height: 24px;\">\u00c7ubuk \u00c7ap\u0131<\/td>\n<td class=\"column-2\" style=\"width: 22.6901%; height: 24px;\">\u00a012 &#8211; 32 mm\u00a0<\/td>\n<\/tr>\n<tr class=\"row-4 even\" style=\"height: 24px;\">\n<td class=\"column-1\" style=\"width: 20.8333%; height: 24px;\">\u00c7ubuk Uzunlu\u011fu<\/td>\n<td class=\"column-2\" style=\"width: 22.6901%; height: 24px;\">\u00a04.000 mm &#8216;ye kadar<\/td>\n<\/tr>\n<tr class=\"row-5 odd\" style=\"height: 10px;\">\n<td class=\"column-1\" style=\"width: 20.8333%; height: 10px;\">Kal\u0131p \u00d6l\u00e7\u00fcleri<\/td>\n<td class=\"column-2\" style=\"width: 22.6901%; height: 10px;\">\u00a0205 x 205 mm<\/td>\n<\/tr>\n<\/tbody>\n<\/table>\n<p>Katalog i\u00e7in t\u0131klay\u0131n\u0131z <span style=\"color: #ff0000;\"><strong><a style=\"color: #ff0000;\" href=\"http:\/\/www.enarmakina.com\/tr\/wp-content\/uploads\/2021\/12\/DOWNLOAD-TECHNICAL-FEATURES-H3.32-1.pdf\" target=\"_blank\" rel=\"noopener\">H3.32 e-Katalog<\/a><\/strong><\/span><\/p>\n<h1><span style=\"color: #ff0000;\">HV205.32<\/span><\/h1>\n<p><img loading=\"lazy\" decoding=\"async\" class=\"alignnone  wp-image-4007\" src=\"http:\/\/www.enarmakina.com\/tr\/wp-content\/uploads\/2021\/12\/Maquina-HV205.32-300x188.png\" alt=\"\" width=\"485\" height=\"304\" srcset=\"http:\/\/www.enarmakina.com\/tr\/wp-content\/uploads\/2021\/12\/Maquina-HV205.32-300x188.png 300w, http:\/\/www.enarmakina.com\/tr\/wp-content\/uploads\/2021\/12\/Maquina-HV205.32-1030x644.png 1030w, http:\/\/www.enarmakina.com\/tr\/wp-content\/uploads\/2021\/12\/Maquina-HV205.32-768x480.png 768w, http:\/\/www.enarmakina.com\/tr\/wp-content\/uploads\/2021\/12\/Maquina-HV205.32-1536x960.png 1536w, http:\/\/www.enarmakina.com\/tr\/wp-content\/uploads\/2021\/12\/Maquina-HV205.32.png 2000w\" sizes=\"(max-width: 485px) 100vw, 485px\" \/><\/p>\n<table id=\"tablepress-2\" class=\"tablepress tablepress-id-2\" style=\"width: 49.8791%;\">\n<tbody class=\"row-hover\">\n<tr class=\"row-1 odd\">\n<td class=\"column-1\" style=\"width: 20.8333%;\">Ma\u00e7alar<\/td>\n<td class=\"column-2\" style=\"width: 22.6901%;\">\u00a04 yatay + 1 dikey\u00a0<\/td>\n<\/tr>\n<tr class=\"row-2 even\">\n<td class=\"column-1\" style=\"width: 20.8333%;\">\u00dcretim<\/td>\n<td class=\"column-2\" style=\"width: 22.6901%;\">\u00a0500 &#8211; 4.000 par\u00e7a\/saat<\/td>\n<\/tr>\n<tr class=\"row-3 odd\">\n<td class=\"column-1\" style=\"width: 20.8333%;\">\u00c7ubuk \u00c7ap\u0131<\/td>\n<td class=\"column-2\" style=\"width: 22.6901%;\">\u00a012 &#8211; 32 mm\u00a0<\/td>\n<\/tr>\n<tr class=\"row-4 even\">\n<td class=\"column-1\" style=\"width: 20.8333%;\">\u00c7ubuk Uzunlu\u011fu<\/td>\n<td class=\"column-2\" style=\"width: 22.6901%;\">\u00a04.000 mm &#8216;ye kadar<\/td>\n<\/tr>\n<tr class=\"row-5 odd\">\n<td class=\"column-1\" style=\"width: 20.8333%;\">Kal\u0131p \u00d6l\u00e7\u00fcleri<\/td>\n<td class=\"column-2\" style=\"width: 22.6901%;\">\u00a0205 x 205 mm<\/td>\n<\/tr>\n<\/tbody>\n<\/table>\n<p>Katalog i\u00e7in t\u0131klay\u0131n\u0131z <span style=\"color: #ff0000;\"><strong><a style=\"color: #ff0000;\" href=\"http:\/\/www.enarmakina.com\/tr\/wp-content\/uploads\/2021\/12\/DOWNLOAD-TECHNICAL-FEATURES-HV205.32-1.pdf\" target=\"_blank\" rel=\"noopener\">HV205.32 e-Katalog<\/a><\/strong><\/span><\/p>\n<h1><span style=\"color: #ff0000;\">HV255.45<\/span><\/h1>\n<p><img loading=\"lazy\" decoding=\"async\" class=\"alignnone  wp-image-4027\" src=\"http:\/\/www.enarmakina.com\/tr\/wp-content\/uploads\/2021\/12\/Maquina-HV255.45-300x190.png\" alt=\"\" width=\"485\" height=\"307\" srcset=\"http:\/\/www.enarmakina.com\/tr\/wp-content\/uploads\/2021\/12\/Maquina-HV255.45-300x190.png 300w, http:\/\/www.enarmakina.com\/tr\/wp-content\/uploads\/2021\/12\/Maquina-HV255.45-1030x652.png 1030w, http:\/\/www.enarmakina.com\/tr\/wp-content\/uploads\/2021\/12\/Maquina-HV255.45-768x486.png 768w, http:\/\/www.enarmakina.com\/tr\/wp-content\/uploads\/2021\/12\/Maquina-HV255.45-1536x973.png 1536w, http:\/\/www.enarmakina.com\/tr\/wp-content\/uploads\/2021\/12\/Maquina-HV255.45-2048x1297.png 2048w\" sizes=\"(max-width: 485px) 100vw, 485px\" \/><\/p>\n<table id=\"tablepress-2\" class=\"tablepress tablepress-id-2\" style=\"width: 49.8791%;\">\n<tbody class=\"row-hover\">\n<tr class=\"row-1 odd\">\n<td class=\"column-1\" style=\"width: 20.8333%;\">Ma\u00e7alar<\/td>\n<td class=\"column-2\" style=\"width: 22.6901%;\">\u00a04 yatay + 1 dikey\u00a0<\/td>\n<\/tr>\n<tr class=\"row-2 even\">\n<td class=\"column-1\" style=\"width: 20.8333%;\">\u00dcretim<\/td>\n<td class=\"column-2\" style=\"width: 22.6901%;\">\u00a0500 &#8211; 4.000 par\u00e7a\/saat<\/td>\n<\/tr>\n<tr class=\"row-3 odd\">\n<td class=\"column-1\" style=\"width: 20.8333%;\">\u00c7ubuk \u00c7ap\u0131<\/td>\n<td class=\"column-2\" style=\"width: 22.6901%;\">\u00a012 &#8211; 45 mm\u00a0<\/td>\n<\/tr>\n<tr class=\"row-4 even\">\n<td class=\"column-1\" style=\"width: 20.8333%;\">\u00c7ubuk Uzunlu\u011fu<\/td>\n<td class=\"column-2\" style=\"width: 22.6901%;\">\u00a04.000 mm &#8216;ye kadar<\/td>\n<\/tr>\n<tr class=\"row-5 odd\">\n<td class=\"column-1\" style=\"width: 20.8333%;\">Kal\u0131p \u00d6l\u00e7\u00fcleri<\/td>\n<td class=\"column-2\" style=\"width: 22.6901%;\">\u00a0255 x 255 mm<\/td>\n<\/tr>\n<\/tbody>\n<\/table>\n<p>Katalog i\u00e7in t\u0131klay\u0131n\u0131z <span style=\"color: #ff0000;\"><strong><a style=\"color: #ff0000;\" href=\"http:\/\/www.enarmakina.com\/tr\/wp-content\/uploads\/2021\/12\/DOWNLOAD-TECHNICAL-FEATURES-HV255.45-1.pdf\" target=\"_blank\" rel=\"noopener\">HV255.45 e-Katalog<\/a><\/strong><\/span><\/p>\n<h1><span style=\"color: #ff0000;\">HV270.65<\/span><\/h1>\n<p><img loading=\"lazy\" decoding=\"async\" class=\"alignnone  wp-image-4031\" src=\"http:\/\/www.enarmakina.com\/tr\/wp-content\/uploads\/2021\/12\/Maquina-HV270.65-300x152.png\" alt=\"\" width=\"486\" height=\"246\" srcset=\"http:\/\/www.enarmakina.com\/tr\/wp-content\/uploads\/2021\/12\/Maquina-HV270.65-300x152.png 300w, http:\/\/www.enarmakina.com\/tr\/wp-content\/uploads\/2021\/12\/Maquina-HV270.65-1030x523.png 1030w, http:\/\/www.enarmakina.com\/tr\/wp-content\/uploads\/2021\/12\/Maquina-HV270.65-768x390.png 768w, http:\/\/www.enarmakina.com\/tr\/wp-content\/uploads\/2021\/12\/Maquina-HV270.65-1536x779.png 1536w, http:\/\/www.enarmakina.com\/tr\/wp-content\/uploads\/2021\/12\/Maquina-HV270.65.png 1920w\" sizes=\"(max-width: 486px) 100vw, 486px\" \/><\/p>\n<table id=\"tablepress-2\" class=\"tablepress tablepress-id-2\" style=\"width: 49.8791%;\">\n<tbody class=\"row-hover\">\n<tr class=\"row-1 odd\">\n<td class=\"column-1\" style=\"width: 20.8333%;\">Ma\u00e7alar<\/td>\n<td class=\"column-2\" style=\"width: 22.6901%;\">\u00a04 yatay + 1 dikey\u00a0<\/td>\n<\/tr>\n<tr class=\"row-2 even\">\n<td class=\"column-1\" style=\"width: 20.8333%;\">\u00dcretim<\/td>\n<td class=\"column-2\" style=\"width: 22.6901%;\">\u00a0500 &#8211; 3.800 par\u00e7a\/saat<\/td>\n<\/tr>\n<tr class=\"row-3 odd\">\n<td class=\"column-1\" style=\"width: 20.8333%;\">\u00c7ubuk \u00c7ap\u0131<\/td>\n<td class=\"column-2\" style=\"width: 22.6901%;\">\u00a012 &#8211; 65 mm\u00a0<\/td>\n<\/tr>\n<tr class=\"row-4 even\">\n<td class=\"column-1\" style=\"width: 20.8333%;\">\u00c7ubuk Uzunlu\u011fu<\/td>\n<td class=\"column-2\" style=\"width: 22.6901%;\">\u00a04.000 mm &#8216;ye kadar<\/td>\n<\/tr>\n<tr class=\"row-5 odd\">\n<td class=\"column-1\" style=\"width: 20.8333%;\">Kal\u0131p \u00d6l\u00e7\u00fcleri<\/td>\n<td class=\"column-2\" style=\"width: 22.6901%;\">\u00a0270 x 270 mm<\/td>\n<\/tr>\n<\/tbody>\n<\/table>\n<p>Katalog i\u00e7in t\u0131klay\u0131n\u0131z <span style=\"color: #ff0000;\"><strong><a style=\"color: #ff0000;\" href=\"http:\/\/www.enarmakina.com\/tr\/wp-content\/uploads\/2021\/12\/DOWNLOAD-TECHNICAL-FEATURES-HV270.65-1.pdf\" target=\"_blank\" rel=\"noopener\">HV270.65 e-Katalog<\/a><\/strong><\/span><\/p>\n","protected":false},"excerpt":{"rendered":"<p>\u00a0 V1.32 Ma\u00e7alar \u00a01 dikey\u00a0 \u00dcretim \u00a0500 &#8211; 5.600 par\u00e7a\/saat \u00c7ubuk \u00c7ap\u0131 \u00a012 &#8211; 32 mm\u00a0 \u00c7ubuk Uzunlu\u011fu \u00a04.000 mm &#8216;ye kadar Kal\u0131p \u00d6l\u00e7\u00fcleri \u00a0176 x 86 mm Katalog i\u00e7in t\u0131klay\u0131n\u0131z V1.32 e-Katalog H3.32 Ma\u00e7alar \u00a03 yatay\u00a0 \u00dcretim \u00a0500 &#8211; 3.400 par\u00e7a\/saat \u00c7ubuk \u00c7ap\u0131 \u00a012 &#8211; 32 mm\u00a0 \u00c7ubuk Uzunlu\u011fu \u00a04.000 mm &#8216;ye kadar Kal\u0131p [&hellip;]<\/p>\n","protected":false},"author":1,"featured_media":0,"parent":7,"menu_order":0,"comment_status":"closed","ping_status":"closed","template":"","meta":{"footnotes":""},"class_list":["post-3581","page","type-page","status-publish","hentry","wp-image-borders"],"yoast_head":"<!-- This site is optimized with the Yoast SEO plugin v18.2 - https:\/\/yoast.com\/wordpress\/plugins\/seo\/ -->\n<title>NEOTECMAN -<\/title>\n<meta name=\"robots\" content=\"index, follow, max-snippet:-1, max-image-preview:large, max-video-preview:-1\" \/>\n<link rel=\"canonical\" href=\"http:\/\/www.enarmakina.com\/tr\/urunler\/neotecman\/\" \/>\n<meta property=\"og:locale\" content=\"tr_TR\" \/>\n<meta property=\"og:type\" content=\"article\" \/>\n<meta property=\"og:title\" content=\"NEOTECMAN -\" \/>\n<meta property=\"og:description\" content=\"\u00a0 V1.32 Ma\u00e7alar \u00a01 dikey\u00a0 \u00dcretim \u00a0500 &#8211; 5.600 par\u00e7a\/saat \u00c7ubuk \u00c7ap\u0131 \u00a012 &#8211; 32 mm\u00a0 \u00c7ubuk Uzunlu\u011fu \u00a04.000 mm &#8216;ye kadar Kal\u0131p \u00d6l\u00e7\u00fcleri \u00a0176 x 86 mm Katalog i\u00e7in t\u0131klay\u0131n\u0131z V1.32 e-Katalog H3.32 Ma\u00e7alar \u00a03 yatay\u00a0 \u00dcretim \u00a0500 &#8211; 3.400 par\u00e7a\/saat \u00c7ubuk \u00c7ap\u0131 \u00a012 &#8211; 32 mm\u00a0 \u00c7ubuk Uzunlu\u011fu \u00a04.000 mm &#8216;ye kadar Kal\u0131p [&hellip;]\" \/>\n<meta property=\"og:url\" content=\"http:\/\/www.enarmakina.com\/tr\/urunler\/neotecman\/\" \/>\n<meta property=\"article:modified_time\" content=\"2021-12-24T09:40:12+00:00\" \/>\n<meta property=\"og:image\" content=\"http:\/\/www.enarmakina.com\/tr\/wp-content\/uploads\/2019\/05\/NEOTECMAN-300x87.png\" \/>\n<meta name=\"twitter:card\" content=\"summary_large_image\" \/>\n<meta name=\"twitter:label1\" content=\"Tahmini okuma s\u00fcresi\" \/>\n\t<meta name=\"twitter:data1\" content=\"3 dakika\" \/>\n<script type=\"application\/ld+json\" class=\"yoast-schema-graph\">{\"@context\":\"https:\/\/schema.org\",\"@graph\":[{\"@type\":\"WebSite\",\"@id\":\"http:\/\/www.enarmakina.com\/tr\/#website\",\"url\":\"http:\/\/www.enarmakina.com\/tr\/\",\"name\":\"\",\"description\":\"\",\"potentialAction\":[{\"@type\":\"SearchAction\",\"target\":{\"@type\":\"EntryPoint\",\"urlTemplate\":\"http:\/\/www.enarmakina.com\/tr\/?s={search_term_string}\"},\"query-input\":\"required name=search_term_string\"}],\"inLanguage\":\"tr\"},{\"@type\":\"ImageObject\",\"@id\":\"http:\/\/www.enarmakina.com\/tr\/urunler\/neotecman\/#primaryimage\",\"inLanguage\":\"tr\",\"url\":\"http:\/\/www.enarmakina.com\/tr\/wp-content\/uploads\/2019\/05\/NEOTECMAN.png\",\"contentUrl\":\"http:\/\/www.enarmakina.com\/tr\/wp-content\/uploads\/2019\/05\/NEOTECMAN.png\",\"width\":1920,\"height\":555},{\"@type\":\"WebPage\",\"@id\":\"http:\/\/www.enarmakina.com\/tr\/urunler\/neotecman\/#webpage\",\"url\":\"http:\/\/www.enarmakina.com\/tr\/urunler\/neotecman\/\",\"name\":\"NEOTECMAN -\",\"isPartOf\":{\"@id\":\"http:\/\/www.enarmakina.com\/tr\/#website\"},\"primaryImageOfPage\":{\"@id\":\"http:\/\/www.enarmakina.com\/tr\/urunler\/neotecman\/#primaryimage\"},\"datePublished\":\"2021-12-14T09:08:34+00:00\",\"dateModified\":\"2021-12-24T09:40:12+00:00\",\"breadcrumb\":{\"@id\":\"http:\/\/www.enarmakina.com\/tr\/urunler\/neotecman\/#breadcrumb\"},\"inLanguage\":\"tr\",\"potentialAction\":[{\"@type\":\"ReadAction\",\"target\":[\"http:\/\/www.enarmakina.com\/tr\/urunler\/neotecman\/\"]}]},{\"@type\":\"BreadcrumbList\",\"@id\":\"http:\/\/www.enarmakina.com\/tr\/urunler\/neotecman\/#breadcrumb\",\"itemListElement\":[{\"@type\":\"ListItem\",\"position\":1,\"name\":\"Anasayfa\",\"item\":\"http:\/\/www.enarmakina.com\/tr\/\"},{\"@type\":\"ListItem\",\"position\":2,\"name\":\"\u00dcR\u00dcNLER\",\"item\":\"http:\/\/www.enarmakina.com\/tr\/urunler\/\"},{\"@type\":\"ListItem\",\"position\":3,\"name\":\"NEOTECMAN\"}]}]}<\/script>\n<!-- \/ Yoast SEO plugin. -->","yoast_head_json":{"title":"NEOTECMAN -","robots":{"index":"index","follow":"follow","max-snippet":"max-snippet:-1","max-image-preview":"max-image-preview:large","max-video-preview":"max-video-preview:-1"},"canonical":"http:\/\/www.enarmakina.com\/tr\/urunler\/neotecman\/","og_locale":"tr_TR","og_type":"article","og_title":"NEOTECMAN -","og_description":"\u00a0 V1.32 Ma\u00e7alar \u00a01 dikey\u00a0 \u00dcretim \u00a0500 &#8211; 5.600 par\u00e7a\/saat \u00c7ubuk \u00c7ap\u0131 \u00a012 &#8211; 32 mm\u00a0 \u00c7ubuk Uzunlu\u011fu \u00a04.000 mm &#8216;ye kadar Kal\u0131p \u00d6l\u00e7\u00fcleri \u00a0176 x 86 mm Katalog i\u00e7in t\u0131klay\u0131n\u0131z V1.32 e-Katalog H3.32 Ma\u00e7alar \u00a03 yatay\u00a0 \u00dcretim \u00a0500 &#8211; 3.400 par\u00e7a\/saat \u00c7ubuk \u00c7ap\u0131 \u00a012 &#8211; 32 mm\u00a0 \u00c7ubuk Uzunlu\u011fu \u00a04.000 mm &#8216;ye kadar Kal\u0131p [&hellip;]","og_url":"http:\/\/www.enarmakina.com\/tr\/urunler\/neotecman\/","article_modified_time":"2021-12-24T09:40:12+00:00","og_image":[{"url":"http:\/\/www.enarmakina.com\/tr\/wp-content\/uploads\/2019\/05\/NEOTECMAN-300x87.png"}],"twitter_card":"summary_large_image","twitter_misc":{"Tahmini okuma s\u00fcresi":"3 dakika"},"schema":{"@context":"https:\/\/schema.org","@graph":[{"@type":"WebSite","@id":"http:\/\/www.enarmakina.com\/tr\/#website","url":"http:\/\/www.enarmakina.com\/tr\/","name":"","description":"","potentialAction":[{"@type":"SearchAction","target":{"@type":"EntryPoint","urlTemplate":"http:\/\/www.enarmakina.com\/tr\/?s={search_term_string}"},"query-input":"required name=search_term_string"}],"inLanguage":"tr"},{"@type":"ImageObject","@id":"http:\/\/www.enarmakina.com\/tr\/urunler\/neotecman\/#primaryimage","inLanguage":"tr","url":"http:\/\/www.enarmakina.com\/tr\/wp-content\/uploads\/2019\/05\/NEOTECMAN.png","contentUrl":"http:\/\/www.enarmakina.com\/tr\/wp-content\/uploads\/2019\/05\/NEOTECMAN.png","width":1920,"height":555},{"@type":"WebPage","@id":"http:\/\/www.enarmakina.com\/tr\/urunler\/neotecman\/#webpage","url":"http:\/\/www.enarmakina.com\/tr\/urunler\/neotecman\/","name":"NEOTECMAN -","isPartOf":{"@id":"http:\/\/www.enarmakina.com\/tr\/#website"},"primaryImageOfPage":{"@id":"http:\/\/www.enarmakina.com\/tr\/urunler\/neotecman\/#primaryimage"},"datePublished":"2021-12-14T09:08:34+00:00","dateModified":"2021-12-24T09:40:12+00:00","breadcrumb":{"@id":"http:\/\/www.enarmakina.com\/tr\/urunler\/neotecman\/#breadcrumb"},"inLanguage":"tr","potentialAction":[{"@type":"ReadAction","target":["http:\/\/www.enarmakina.com\/tr\/urunler\/neotecman\/"]}]},{"@type":"BreadcrumbList","@id":"http:\/\/www.enarmakina.com\/tr\/urunler\/neotecman\/#breadcrumb","itemListElement":[{"@type":"ListItem","position":1,"name":"Anasayfa","item":"http:\/\/www.enarmakina.com\/tr\/"},{"@type":"ListItem","position":2,"name":"\u00dcR\u00dcNLER","item":"http:\/\/www.enarmakina.com\/tr\/urunler\/"},{"@type":"ListItem","position":3,"name":"NEOTECMAN"}]}]}},"_links":{"self":[{"href":"http:\/\/www.enarmakina.com\/tr\/wp-json\/wp\/v2\/pages\/3581"}],"collection":[{"href":"http:\/\/www.enarmakina.com\/tr\/wp-json\/wp\/v2\/pages"}],"about":[{"href":"http:\/\/www.enarmakina.com\/tr\/wp-json\/wp\/v2\/types\/page"}],"author":[{"embeddable":true,"href":"http:\/\/www.enarmakina.com\/tr\/wp-json\/wp\/v2\/users\/1"}],"replies":[{"embeddable":true,"href":"http:\/\/www.enarmakina.com\/tr\/wp-json\/wp\/v2\/comments?post=3581"}],"version-history":[{"count":12,"href":"http:\/\/www.enarmakina.com\/tr\/wp-json\/wp\/v2\/pages\/3581\/revisions"}],"predecessor-version":[{"id":4160,"href":"http:\/\/www.enarmakina.com\/tr\/wp-json\/wp\/v2\/pages\/3581\/revisions\/4160"}],"up":[{"embeddable":true,"href":"http:\/\/www.enarmakina.com\/tr\/wp-json\/wp\/v2\/pages\/7"}],"wp:attachment":[{"href":"http:\/\/www.enarmakina.com\/tr\/wp-json\/wp\/v2\/media?parent=3581"}],"curies":[{"name":"wp","href":"https:\/\/api.w.org\/{rel}","templated":true}]}}